{"id":588730,"date":"2021-04-12T21:35:09","date_gmt":"2021-04-12T19:35:09","guid":{"rendered":"https:\/\/rsv-barntrup.de\/Wordpress\/?page_id=588730"},"modified":"2021-04-23T22:40:47","modified_gmt":"2021-04-23T20:40:47","slug":"app","status":"publish","type":"page","link":"https:\/\/rsv-barntrup.de\/Wordpress\/app\/","title":{"rendered":"App"},"content":{"rendered":"\n<p>Um Arbeitseins\u00e4tze besser koordinieren zu k\u00f6nnen, setzt der Verein das Tool &#8222;Klubraum&#8220; ein.<\/p>\n\n\n\n<p><\/p>\n\n\n\n<p>Jedem Mitglied, der seine Email-Adresse im Mitgliederstamm hinterlegt hat, wurde eine Einladung bereits am 23.04.2021 zugesendet. Die Registrierung erfolgt \u00fcber die Annahme dieser Einladung zum Klubraum des RSV v.1911 Barntrup e.V. innerhalb von 7-Tagen. <\/p>\n\n\n\n<p>Wer seine Emailadresse <strong>nicht <\/strong>hinterlegt hat, kann eine Beitrittsanfrage stellen. Zuerst wird Eure Email-Adresse verifiziert, bitte schaut auch in den Spam &#8211; Ordner:<\/p>\n\n\n\n<div class=\"kr-mr-container\">\n            <div class=\"kr-mr-wrap\">\n                <div class=\"kr-mr-row\" style=\"width:100%;overflow: auto;\">\n                    <div class=\"kr-mr-logo-container\">\n                        <a href=\"https:\/\/klubraum.com\">\n                          <img data-recalc-dims=\"1\" decoding=\"async\" src=\"https:\/\/i0.wp.com\/rsv-barntrup.de\/Wordpress\/wp-content\/plugins\/klubraum-membership-request\/public\/images\/klubraum_logo.png?w=1290&#038;ssl=1\" alt=\"Klubraum Logo\" id=\"klubraum-membership-request-widget-logo\"\/>\n                        <\/a>\n                    <\/div>\n                    <div class=\"kr-mr-introduction-text-container\">Wir nutzen Klubraum um unser Vereinsleben zu organisieren. Willst du beitreten?<\/div>\n                    <div class=\"kr-mr-form-wrap\">                \n                        <div id=\"message_kr_mr_membership_request\" class=\"kr-mr-message-div\"><\/div>\n                        <form method=\"POST\" id=\"kr_mr_settings_form\" class=\"kr-mr-settings-form\" style=\"display: inline;\">\n                            <div class=\"form-field form-required term-name-wrap\" style=\"width: 100%; float: left;\">\n                                <input type=\"text\" id=\"kr_mr_name\" class=\"kr-mr-nd\" name=\"name\" placeholder=\"Your name\"\/>\n                            <\/div>\n                            <div class=\"form-field form-required term-name-wrap\" style=\"width: 100%; float: left;\">\n                                <input type=\"text\" id=\"kr_mr_email\" class=\"kr-mr-d\" name=\"email\" placeholder=\"E-Mail\"\/>\n                            <\/div>\n                            <div class=\"form-field form-required term-name-wrap\" style=\"width: 100%; float: left;\">\n                                <input type=\"text\" id=\"kr_mr_address\" class=\"kr-mr-nd\" name=\"address\" placeholder=\"Your address\"\/>\n                            <\/div>\n                            <div class=\"form-field form-required term-name-wrap\" style=\"width: 100%; float: left;\">\n                                <button type=\"submit\" class=\"button button-primary kr-mr-submit-button\" id=\"kr_mr_membership_request_submit_button\">\n                                    Anfrage abschicken\n                                <\/button>\n                            <\/div>\n                        <\/form>\n                    <\/div>\n                <\/div>\n            <\/div>\n        <\/div>\n\n\n\n<hr class=\"wp-block-separator\"\/>\n\n\n\n<p>Ist die Email-Adresse in Klubraum hinterlegt, ein Passwort ist nicht notwendig, kann man sich nun \u00fcber den <strong>Webbrowser<\/strong> einzuloggen:<\/p>\n\n\n\n<div class=\"wp-block-buttons is-layout-flex wp-block-buttons-is-layout-flex\">\n<div class=\"wp-block-button\"><a class=\"wp-block-button__link\" href=\"https:\/\/klubraum.com\/\" target=\"_blank\" rel=\"noreferrer noopener\">login<\/a><\/div>\n<\/div>\n\n\n\n<p>Nach der Registrierung, steht nat\u00fcrlich auch eine <strong>App<\/strong> zur Verf\u00fcgung, diese kann f\u00fcr Google\/Apple Betriebssysteme im jeweiligen Store herunter geladen werden:<\/p>\n\n\n\n<div class=\"wp-block-buttons is-layout-flex wp-block-buttons-is-layout-flex\">\n<div class=\"wp-block-button\"><a class=\"wp-block-button__link\" href=\"https:\/\/play.google.com\/store\/apps\/details?id=com.klubraum.androidApp&amp;utm_source=klubraum-email&amp;utm_campaign=login-link\" target=\"_blank\" rel=\"noreferrer noopener\">google<\/a><\/div>\n\n\n\n<div class=\"wp-block-button\"><a class=\"wp-block-button__link\" href=\"https:\/\/apps.apple.com\/de\/app\/klubraum\/id1488766185?mt=8\" target=\"_blank\" rel=\"noreferrer noopener\">apple<\/a><\/div>\n<\/div>\n\n\n\n<hr class=\"wp-block-separator\"\/>\n\n\n\n<p>Bei Problemen bitte melden unter <a rel=\"noreferrer noopener\" href=\"mailto:admin@rsv-barntrup.de\" target=\"_blank\">admin@rsv-barntrup.de<\/a> , wir z\u00e4hlen auf dich !<\/p>\n","protected":false},"excerpt":{"rendered":"<p>Um Arbeitseins\u00e4tze besser koordinieren zu k\u00f6nnen, setzt der Verein das Tool &#8222;Klubraum&#8220; ein. Jedem Mitglied, der seine Email-Adresse im Mitgliederstamm hinterlegt hat, wurde eine Einladung bereits am 23.04.2021 zugesendet. Die Registrierung erfolgt \u00fcber die Annahme dieser Einladung zum Klubraum des RSV v.1911 Barntrup e.V. innerhalb von 7-Tagen. Wer seine Emailadresse nicht hinterlegt hat, kann eine Beitrittsanfrage stellen. Zuerst wird Eure Email-Adresse verifiziert, bitte schaut auch in den Spam &#8211; Ordner: Ist die Email-Adresse in Klubraum hinterlegt, ein Passwort ist nicht notwendig, kann man sich nun \u00fcber den Webbrowser einzuloggen: Nach der Registrierung, steht nat\u00fcrlich auch eine App zur Verf\u00fcgung, diese kann f\u00fcr Google\/Apple Betriebssysteme im jeweiligen Store herunter geladen werden: Bei Problemen bitte melden unter admin@rsv-barntrup.de , wir z\u00e4hlen auf dich !<\/p>\n","protected":false},"author":120,"featured_media":588733,"parent":0,"menu_order":0,"comment_status":"closed","ping_status":"closed","template":"","meta":{"_acf_changed":false,"ngg_post_thumbnail":0,"jetpack_post_was_ever_published":false,"footnotes":""},"class_list":["post-588730","page","type-page","status-publish","has-post-thumbnail","hentry"],"blocksy_meta":[],"acf":[],"jetpack_sharing_enabled":true,"jetpack_shortlink":"https:\/\/wp.me\/P6yR9L-2t9E","publishpress_future_action":{"enabled":false,"date":"2026-04-27 06:40:15","action":"change-status","newStatus":"draft","terms":[],"taxonomy":"","extraData":[]},"publishpress_future_workflow_manual_trigger":{"enabledWorkflows":[]},"_links":{"self":[{"href":"https:\/\/rsv-barntrup.de\/Wordpress\/wp-json\/wp\/v2\/pages\/588730","targetHints":{"allow":["GET"]}}],"collection":[{"href":"https:\/\/rsv-barntrup.de\/Wordpress\/wp-json\/wp\/v2\/pages"}],"about":[{"href":"https:\/\/rsv-barntrup.de\/Wordpress\/wp-json\/wp\/v2\/types\/page"}],"author":[{"embeddable":true,"href":"https:\/\/rsv-barntrup.de\/Wordpress\/wp-json\/wp\/v2\/users\/120"}],"replies":[{"embeddable":true,"href":"https:\/\/rsv-barntrup.de\/Wordpress\/wp-json\/wp\/v2\/comments?post=588730"}],"version-history":[{"count":12,"href":"https:\/\/rsv-barntrup.de\/Wordpress\/wp-json\/wp\/v2\/pages\/588730\/revisions"}],"predecessor-version":[{"id":588773,"href":"https:\/\/rsv-barntrup.de\/Wordpress\/wp-json\/wp\/v2\/pages\/588730\/revisions\/588773"}],"wp:featuredmedia":[{"embeddable":true,"href":"https:\/\/rsv-barntrup.de\/Wordpress\/wp-json\/wp\/v2\/media\/588733"}],"wp:attachment":[{"href":"https:\/\/rsv-barntrup.de\/Wordpress\/wp-json\/wp\/v2\/media?parent=588730"}],"curies":[{"name":"wp","href":"https:\/\/api.w.org\/{rel}","templated":true}]}}