{"id":7876,"date":"2013-10-13T22:45:09","date_gmt":"2013-10-13T20:45:09","guid":{"rendered":"http:\/\/rsv-barntrup.de\/Wordpress\/?page_id=7876"},"modified":"2019-11-12T21:22:53","modified_gmt":"2019-11-12T20:22:53","slug":"schiris","status":"publish","type":"page","link":"https:\/\/rsv-barntrup.de\/Wordpress\/schiris\/","title":{"rendered":"Schiris"},"content":{"rendered":"<p>Ohne Sie k\u00f6nnten wir den Verein schlie\u00dfen, unsere M\u00e4nner an der Pfeife&nbsp;sind:<\/p>\n<p>[team_manager category=&#8217;schiedsrichter&#8216; orderby=&#8217;menu_order&#8216; limit=&#8216;-1&#8242; post__in=&#8220; exclude=&#8220; layout=&#8217;list&#8216; column=&#8217;2&#8242; image_layout=&#8217;boxed&#8216; image_size=&#8217;thumbnail&#8216; color=&#8217;#dd3333&#8242; hide_meta=&#8217;0&#8242;]<\/p>\n<p><a href=\"https:\/\/i0.wp.com\/rsv-barntrup.de\/Wordpress\/wp-content\/uploads\/2013\/10\/Pfeife.png?ssl=1\"><img data-recalc-dims=\"1\" fetchpriority=\"high\" decoding=\"async\" data-attachment-id=\"7884\" data-permalink=\"https:\/\/rsv-barntrup.de\/Wordpress\/schiris\/attachment\/pfeife-2\/\" data-orig-file=\"https:\/\/i0.wp.com\/rsv-barntrup.de\/Wordpress\/wp-content\/uploads\/2013\/10\/Pfeife.png?fit=4732%2C3543&amp;ssl=1\" data-orig-size=\"4732,3543\" data-comments-opened=\"1\" data-image-meta=\"{&quot;aperture&quot;:&quot;0&quot;,&quot;credit&quot;:&quot;&quot;,&quot;camera&quot;:&quot;&quot;,&quot;caption&quot;:&quot;&quot;,&quot;created_timestamp&quot;:&quot;0&quot;,&quot;copyright&quot;:&quot;&quot;,&quot;focal_length&quot;:&quot;0&quot;,&quot;iso&quot;:&quot;0&quot;,&quot;shutter_speed&quot;:&quot;0&quot;,&quot;title&quot;:&quot;&quot;,&quot;orientation&quot;:&quot;0&quot;}\" data-image-title=\"Pfeife\" data-image-description=\"\" data-image-caption=\"\" data-large-file=\"https:\/\/i0.wp.com\/rsv-barntrup.de\/Wordpress\/wp-content\/uploads\/2013\/10\/Pfeife.png?fit=1024%2C767&amp;ssl=1\" class=\"alignright size-medium wp-image-7884\" title=\"Pfeife\" src=\"https:\/\/i0.wp.com\/rsv-barntrup.de\/Wordpress\/wp-content\/uploads\/2013\/10\/Pfeife.png?resize=300%2C244&#038;ssl=1\" alt=\"\" width=\"300\" height=\"244\"><\/a><\/p>\n","protected":false},"excerpt":{"rendered":"<p>Ohne Sie k\u00f6nnten wir den Verein schlie\u00dfen, unsere M\u00e4nner an der Pfeife&nbsp;sind: [team_manager category=&#8217;schiedsrichter&#8216; orderby=&#8217;menu_order&#8216; limit=&#8216;-1&#8242; post__in=&#8220; exclude=&#8220; layout=&#8217;list&#8216; column=&#8217;2&#8242; image_layout=&#8217;boxed&#8216; image_size=&#8217;thumbnail&#8216; color=&#8217;#dd3333&#8242; hide_meta=&#8217;0&#8242;]<\/p>\n","protected":false},"author":1,"featured_media":0,"parent":0,"menu_order":0,"comment_status":"closed","ping_status":"closed","template":"","meta":{"_acf_changed":false,"ngg_post_thumbnail":0,"jetpack_post_was_ever_published":false,"footnotes":""},"class_list":["post-7876","page","type-page","status-publish","hentry"],"blocksy_meta":[],"acf":[],"jetpack_sharing_enabled":true,"jetpack_shortlink":"https:\/\/wp.me\/P6yR9L-232","publishpress_future_action":{"enabled":false,"date":"2026-04-27 04:54:24","action":"change-status","newStatus":"draft","terms":[],"taxonomy":"","extraData":[]},"publishpress_future_workflow_manual_trigger":{"enabledWorkflows":[]},"_links":{"self":[{"href":"https:\/\/rsv-barntrup.de\/Wordpress\/wp-json\/wp\/v2\/pages\/7876","targetHints":{"allow":["GET"]}}],"collection":[{"href":"https:\/\/rsv-barntrup.de\/Wordpress\/wp-json\/wp\/v2\/pages"}],"about":[{"href":"https:\/\/rsv-barntrup.de\/Wordpress\/wp-json\/wp\/v2\/types\/page"}],"author":[{"embeddable":true,"href":"https:\/\/rsv-barntrup.de\/Wordpress\/wp-json\/wp\/v2\/users\/1"}],"replies":[{"embeddable":true,"href":"https:\/\/rsv-barntrup.de\/Wordpress\/wp-json\/wp\/v2\/comments?post=7876"}],"version-history":[{"count":24,"href":"https:\/\/rsv-barntrup.de\/Wordpress\/wp-json\/wp\/v2\/pages\/7876\/revisions"}],"predecessor-version":[{"id":587184,"href":"https:\/\/rsv-barntrup.de\/Wordpress\/wp-json\/wp\/v2\/pages\/7876\/revisions\/587184"}],"wp:attachment":[{"href":"https:\/\/rsv-barntrup.de\/Wordpress\/wp-json\/wp\/v2\/media?parent=7876"}],"curies":[{"name":"wp","href":"https:\/\/api.w.org\/{rel}","templated":true}]}}