{"id":964,"date":"2010-10-28T19:07:03","date_gmt":"2010-10-28T17:07:03","guid":{"rendered":"http:\/\/rsv-barntrup.de\/Wordpress\/?page_id=964"},"modified":"2015-09-10T22:05:18","modified_gmt":"2015-09-10T20:05:18","slug":"anfahrt","status":"publish","type":"page","link":"https:\/\/rsv-barntrup.de\/Wordpress\/anfahrt\/","title":{"rendered":"Anfahrt"},"content":{"rendered":"<table style=\"text-align: left; width: 100%; height: 100%;\" border=\"0\" cellspacing=\"2\" cellpadding=\"2\">\n<tbody>\n<tr>\n<td style=\"text-align: left; vertical-align: top;\"><small><a style=\"color: #0000ff; text-align: left;\" href=\"http:\/\/maps.google.de\/maps\/ms?hl=de&amp;gl=de&amp;ptab=2&amp;ie=UTF8&amp;oe=UTF8&amp;t=h&amp;msa=0&amp;msid=103741663692526199681.000482568d52ad0a4a9fb&amp;ll=52.009084,9.138565&amp;spn=0.063398,0.102997&amp;z=13&amp;source=embed\">Spielst\u00e4tten<\/a> des RSV Barntrup auf einer gr\u00f6\u00dferen Karte anzeigen mit Routenplanung<\/small><iframe src=\"http:\/\/maps.google.de\/maps\/ms?hl=de&amp;gl=de&amp;ptab=2&amp;ie=UTF8&amp;oe=UTF8&amp;t=h&amp;msa=0&amp;msid=103741663692526199681.000482568d52ad0a4a9fb&amp;ll=52.009084,9.138565&amp;spn=0.063398,0.102997&amp;z=13&amp;output=embed\" width=\"600\" height=\"600\" frameborder=\"0\" marginwidth=\"0\" marginheight=\"0\" scrolling=\"no\"><\/iframe><\/td>\n<\/tr>\n<\/tbody>\n<\/table>\n","protected":false},"excerpt":{"rendered":"<p>Spielst\u00e4tten des RSV Barntrup auf einer gr\u00f6\u00dferen Karte anzeigen mit Routenplanung<\/p>\n","protected":false},"author":1,"featured_media":0,"parent":0,"menu_order":0,"comment_status":"closed","ping_status":"closed","template":"","meta":{"_acf_changed":false,"ngg_post_thumbnail":0,"jetpack_post_was_ever_published":false,"footnotes":""},"class_list":["post-964","page","type-page","status-publish","hentry"],"blocksy_meta":[],"acf":[],"jetpack_sharing_enabled":true,"jetpack_shortlink":"https:\/\/wp.me\/P6yR9L-fy","publishpress_future_action":{"enabled":false,"date":"2026-05-09 12:27:58","action":"change-status","newStatus":"draft","terms":[],"taxonomy":"","extraData":[]},"publishpress_future_workflow_manual_trigger":{"enabledWorkflows":[]},"_links":{"self":[{"href":"https:\/\/rsv-barntrup.de\/Wordpress\/wp-json\/wp\/v2\/pages\/964","targetHints":{"allow":["GET"]}}],"collection":[{"href":"https:\/\/rsv-barntrup.de\/Wordpress\/wp-json\/wp\/v2\/pages"}],"about":[{"href":"https:\/\/rsv-barntrup.de\/Wordpress\/wp-json\/wp\/v2\/types\/page"}],"author":[{"embeddable":true,"href":"https:\/\/rsv-barntrup.de\/Wordpress\/wp-json\/wp\/v2\/users\/1"}],"replies":[{"embeddable":true,"href":"https:\/\/rsv-barntrup.de\/Wordpress\/wp-json\/wp\/v2\/comments?post=964"}],"version-history":[{"count":26,"href":"https:\/\/rsv-barntrup.de\/Wordpress\/wp-json\/wp\/v2\/pages\/964\/revisions"}],"predecessor-version":[{"id":12424,"href":"https:\/\/rsv-barntrup.de\/Wordpress\/wp-json\/wp\/v2\/pages\/964\/revisions\/12424"}],"wp:attachment":[{"href":"https:\/\/rsv-barntrup.de\/Wordpress\/wp-json\/wp\/v2\/media?parent=964"}],"curies":[{"name":"wp","href":"https:\/\/api.w.org\/{rel}","templated":true}]}}